{"id":7715,"date":"2023-11-16T15:01:57","date_gmt":"2023-11-16T15:01:57","guid":{"rendered":"https:\/\/perlucce.com.br\/site\/?page_id=7715"},"modified":"2024-09-17T12:52:33","modified_gmt":"2024-09-17T12:52:33","slug":"blog","status":"publish","type":"page","link":"https:\/\/perlucce.com.br\/site\/blog\/","title":{"rendered":"Blog"},"content":{"rendered":"\t\t<div data-elementor-type=\"wp-page\" data-elementor-id=\"7715\" class=\"elementor elementor-7715\" data-elementor-settings=\"{&quot;ha_cmc_init_switcher&quot;:&quot;no&quot;}\" data-elementor-post-type=\"page\">\n\t\t\t\t\t\t<section class=\"has_ma_el_bg_slider elementor-section elementor-top-section elementor-element elementor-element-8811884 ot-traditional elementor-section-boxed elementor-section-height-default elementor-section-height-default jltma-glass-effect-no\" data-id=\"8811884\" data-element_type=\"section\" data-settings=\"{&quot;_ha_eqh_enable&quot;:false}\">\n\t\t\t\t\t\t<div class=\"elementor-container elementor-column-gap-default\">\n\t\t\t\t\t<div class=\"has_ma_el_bg_slider elementor-column elementor-col-100 elementor-top-column elementor-element elementor-element-822a7e5 ot-flex-column-vertical jltma-glass-effect-no\" data-id=\"822a7e5\" data-element_type=\"column\">\n\t\t\t<div class=\"elementor-widget-wrap elementor-element-populated\">\n\t\t\t\t\t\t<div class=\"elementor-element elementor-element-f1b5421 jltma-glass-effect-no elementor-widget elementor-widget-heading\" data-id=\"f1b5421\" data-element_type=\"widget\" data-widget_type=\"heading.default\">\n\t\t\t\t<div class=\"elementor-widget-container\">\n\t\t\t<h1 class=\"elementor-heading-title elementor-size-default\">bLOG<\/h1>\t\t<\/div>\n\t\t\t\t<\/div>\n\t\t\t\t\t<\/div>\n\t\t<\/div>\n\t\t\t\t\t<\/div>\n\t\t<\/section>\n\t\t\t\t<section class=\"has_ma_el_bg_slider elementor-section elementor-top-section elementor-element elementor-element-4257a9b ot-traditional elementor-section-boxed elementor-section-height-default elementor-section-height-default jltma-glass-effect-no\" data-id=\"4257a9b\" data-element_type=\"section\" data-settings=\"{&quot;_ha_eqh_enable&quot;:false}\">\n\t\t\t\t\t\t<div class=\"elementor-container elementor-column-gap-default\">\n\t\t\t\t\t<div class=\"has_ma_el_bg_slider elementor-column elementor-col-100 elementor-top-column elementor-element elementor-element-786fc38 ot-flex-column-vertical jltma-glass-effect-no\" data-id=\"786fc38\" data-element_type=\"column\">\n\t\t\t<div class=\"elementor-widget-wrap\">\n\t\t\t\t\t\t\t<\/div>\n\t\t<\/div>\n\t\t\t\t\t<\/div>\n\t\t<\/section>\n\t\t\t\t<section class=\"has_ma_el_bg_slider elementor-section elementor-top-section elementor-element elementor-element-5177224 ot-traditional elementor-section-boxed elementor-section-height-default elementor-section-height-default jltma-glass-effect-no\" data-id=\"5177224\" data-element_type=\"section\" data-settings=\"{&quot;_ha_eqh_enable&quot;:false}\">\n\t\t\t\t\t\t<div class=\"elementor-container elementor-column-gap-default\">\n\t\t\t\t\t<div class=\"has_ma_el_bg_slider elementor-column elementor-col-100 elementor-top-column elementor-element elementor-element-263f096 ot-flex-column-vertical jltma-glass-effect-no\" data-id=\"263f096\" data-element_type=\"column\">\n\t\t\t<div class=\"elementor-widget-wrap elementor-element-populated\">\n\t\t\t\t\t\t<div class=\"elementor-element elementor-element-fd44977 jltma-glass-effect-no elementor-widget elementor-widget-ha-post-tiles happy-addon ha-post-tiles happy-addon-pro\" data-id=\"fd44977\" data-element_type=\"widget\" data-widget_type=\"ha-post-tiles.default\">\n\t\t\t\t<div class=\"elementor-widget-container\">\n\t\t\t\n\t\t\t<div class=\"ha-tiles ha-tiles--4 ha-tiles--4by2\">\n\n\t\t\t\t\t\t\t\t\t<article class=\"ha-tiles__tile ha-tiles__tile--lg\">\n\t\t\t\t\t\t<div class=\"ha-tiles__tile-content\">\n\t\t\t\t\t\t\t\t\t<div class=\"ha-tiles__tile-meta\">\n\t\t\t\t<span class=\"ha-tiles__tile-author\">\n\t\t\t\t\t\tPerlucce\t\t<\/span>\n\t\t\t\t<span class=\"ha-tiles__tile-date\">\n\t\t\t\t\t\tFevereiro 6, 2025\t\t<\/span>\n\t\t\t\t<\/div>\n\t\t\t\t\t\t\t\t\t<h2 class=\"ha-tiles__tile-title\"><a href=\"https:\/\/perlucce.com.br\/site\/2025\/02\/06\/luminarias-para-quarto-de-casal\/\" rel=\"bookmark\">Lumin\u00e1rias para quarto de casal: 5 dicas para escolher sem erro<\/a><\/h2>\n\t\t\t\t\t\t\t<p class=\"ha-tiles__tile-excerpt\">Seja para relaxar depois de um dia corrido ou para ter momentos de conforto, a&hellip;<\/p>\n\t\t\t\t\t\t<\/div>\n\n\t\t\t\t\t\t<a href=\"https:\/\/perlucce.com.br\/site\/category\/blog\/\" rel=\"tag\" class=\"ha-tiles__tile-tag\">Blog<\/a><img fetchpriority=\"high\" decoding=\"async\" width=\"800\" height=\"450\" src=\"https:\/\/perlucce.com.br\/site\/wp-content\/uploads\/2025\/02\/Luminarias-para-quarto-de-casal-5-dicas-para-escolher-sem-erro.png\" class=\"ha-tiles__tile-img wp-post-image\" alt=\"Lumin\u00e1rias para quarto de casal 5 dicas para escolher sem erro\" srcset=\"https:\/\/perlucce.com.br\/site\/wp-content\/uploads\/2025\/02\/Luminarias-para-quarto-de-casal-5-dicas-para-escolher-sem-erro.png 800w, https:\/\/perlucce.com.br\/site\/wp-content\/uploads\/2025\/02\/Luminarias-para-quarto-de-casal-5-dicas-para-escolher-sem-erro-300x169.png 300w, https:\/\/perlucce.com.br\/site\/wp-content\/uploads\/2025\/02\/Luminarias-para-quarto-de-casal-5-dicas-para-escolher-sem-erro-768x432.png 768w, https:\/\/perlucce.com.br\/site\/wp-content\/uploads\/2025\/02\/Luminarias-para-quarto-de-casal-5-dicas-para-escolher-sem-erro-720x405.png 720w\" sizes=\"(max-width: 800px) 100vw, 800px\" \/>\t\t\t\t\t<\/article>\n\n\t\t\t\t\t\t\t\t\t<article class=\"ha-tiles__tile ha-tiles__tile--md\">\n\t\t\t\t\t\t<div class=\"ha-tiles__tile-content\">\n\t\t\t\t\t\t\t\t\t<div class=\"ha-tiles__tile-meta\">\n\t\t\t\t<span class=\"ha-tiles__tile-author\">\n\t\t\t\t\t\tPerlucce\t\t<\/span>\n\t\t\t\t<span class=\"ha-tiles__tile-date\">\n\t\t\t\t\t\tJaneiro 7, 2025\t\t<\/span>\n\t\t\t\t<\/div>\n\t\t\t\t\t\t\t\t\t<h2 class=\"ha-tiles__tile-title\"><a href=\"https:\/\/perlucce.com.br\/site\/2025\/01\/07\/entendendo-o-irc-das-lampadas\/\" rel=\"bookmark\">Qual a import\u00e2ncia de entender o IRC das l\u00e2mpadas?<\/a><\/h2>\n\t\t\t\t\t\t\t<p class=\"ha-tiles__tile-excerpt\">O \u00cdndice de Reprodu\u00e7\u00e3o de Cor (IRC) \u00e9 uma das caracter\u00edsticas mais importantes ao escolher&hellip;<\/p>\n\t\t\t\t\t\t<\/div>\n\n\t\t\t\t\t\t<a href=\"https:\/\/perlucce.com.br\/site\/category\/blog\/\" rel=\"tag\" class=\"ha-tiles__tile-tag\">Blog<\/a><img decoding=\"async\" width=\"800\" height=\"450\" src=\"https:\/\/perlucce.com.br\/site\/wp-content\/uploads\/2025\/01\/Qual-a-importancia-de-entender-o-IRC-das-lampadas.png\" class=\"ha-tiles__tile-img wp-post-image\" alt=\"Qual a import\u00e2ncia de entender o IRC das l\u00e2mpadas\" srcset=\"https:\/\/perlucce.com.br\/site\/wp-content\/uploads\/2025\/01\/Qual-a-importancia-de-entender-o-IRC-das-lampadas.png 800w, https:\/\/perlucce.com.br\/site\/wp-content\/uploads\/2025\/01\/Qual-a-importancia-de-entender-o-IRC-das-lampadas-300x169.png 300w, https:\/\/perlucce.com.br\/site\/wp-content\/uploads\/2025\/01\/Qual-a-importancia-de-entender-o-IRC-das-lampadas-768x432.png 768w, https:\/\/perlucce.com.br\/site\/wp-content\/uploads\/2025\/01\/Qual-a-importancia-de-entender-o-IRC-das-lampadas-720x405.png 720w\" sizes=\"(max-width: 800px) 100vw, 800px\" \/>\t\t\t\t\t<\/article>\n\n\t\t\t\t\t\t\t\t\t<article class=\"ha-tiles__tile ha-tiles__tile--sm\">\n\t\t\t\t\t\t<div class=\"ha-tiles__tile-content\">\n\t\t\t\t\t\t\t\t\t<div class=\"ha-tiles__tile-meta\">\n\t\t\t\t<span class=\"ha-tiles__tile-author\">\n\t\t\t\t\t\tPerlucce\t\t<\/span>\n\t\t\t\t<span class=\"ha-tiles__tile-date\">\n\t\t\t\t\t\tDezembro 3, 2024\t\t<\/span>\n\t\t\t\t<\/div>\n\t\t\t\t\t\t\t\t\t<h2 class=\"ha-tiles__tile-title\"><a href=\"https:\/\/perlucce.com.br\/site\/2024\/12\/03\/temperatura-de-cor\/\" rel=\"bookmark\">Temperatura de cor: o que considerar ao escolher sua lumin\u00e1ria de LED<\/a><\/h2>\n\t\t\t\t\t\t\t<p class=\"ha-tiles__tile-excerpt\">Quando a gente pensa em iluminar um ambiente, a temperatura de cor \u00e9 uma das&hellip;<\/p>\n\t\t\t\t\t\t<\/div>\n\n\t\t\t\t\t\t<a href=\"https:\/\/perlucce.com.br\/site\/category\/blog\/\" rel=\"tag\" class=\"ha-tiles__tile-tag\">Blog<\/a><img decoding=\"async\" width=\"800\" height=\"450\" src=\"https:\/\/perlucce.com.br\/site\/wp-content\/uploads\/2024\/12\/Temperatura-de-cor-o-que-considerar-ao-escolher-sua-luminaria-de-LED.png\" class=\"ha-tiles__tile-img wp-post-image\" alt=\"Temperatura de cor o que considerar ao escolher sua lumin\u00e1ria de LED\" srcset=\"https:\/\/perlucce.com.br\/site\/wp-content\/uploads\/2024\/12\/Temperatura-de-cor-o-que-considerar-ao-escolher-sua-luminaria-de-LED.png 800w, https:\/\/perlucce.com.br\/site\/wp-content\/uploads\/2024\/12\/Temperatura-de-cor-o-que-considerar-ao-escolher-sua-luminaria-de-LED-300x169.png 300w, https:\/\/perlucce.com.br\/site\/wp-content\/uploads\/2024\/12\/Temperatura-de-cor-o-que-considerar-ao-escolher-sua-luminaria-de-LED-768x432.png 768w, https:\/\/perlucce.com.br\/site\/wp-content\/uploads\/2024\/12\/Temperatura-de-cor-o-que-considerar-ao-escolher-sua-luminaria-de-LED-720x405.png 720w\" sizes=\"(max-width: 800px) 100vw, 800px\" \/>\t\t\t\t\t<\/article>\n\n\t\t\t\t\t\t\t\t\t<article class=\"ha-tiles__tile ha-tiles__tile--sm\">\n\t\t\t\t\t\t<div class=\"ha-tiles__tile-content\">\n\t\t\t\t\t\t\t\t\t<div class=\"ha-tiles__tile-meta\">\n\t\t\t\t<span class=\"ha-tiles__tile-author\">\n\t\t\t\t\t\tPerlucce\t\t<\/span>\n\t\t\t\t<span class=\"ha-tiles__tile-date\">\n\t\t\t\t\t\tNovembro 5, 2024\t\t<\/span>\n\t\t\t\t<\/div>\n\t\t\t\t\t\t\t\t\t<h2 class=\"ha-tiles__tile-title\"><a href=\"https:\/\/perlucce.com.br\/site\/2024\/11\/05\/lampadas-de-led\/\" rel=\"bookmark\">Sustentabilidade e efici\u00eancia energ\u00e9tica: o papel das l\u00e2mpadas de LED<\/a><\/h2>\n\t\t\t\t\t\t\t<p class=\"ha-tiles__tile-excerpt\">Hoje em dia, quando falamos em sustentabilidade e economia de energia, a ilumina\u00e7\u00e3o \u00e9 uma&hellip;<\/p>\n\t\t\t\t\t\t<\/div>\n\n\t\t\t\t\t\t<a href=\"https:\/\/perlucce.com.br\/site\/category\/blog\/\" rel=\"tag\" class=\"ha-tiles__tile-tag\">Blog<\/a><img loading=\"lazy\" decoding=\"async\" width=\"800\" height=\"450\" src=\"https:\/\/perlucce.com.br\/site\/wp-content\/uploads\/2024\/11\/Sustentabilidade-e-eficiencia-energetica-o-papel-das-lampadas-de-LED.png\" class=\"ha-tiles__tile-img wp-post-image\" alt=\"Sustentabilidade e efici\u00eancia energ\u00e9tica o papel das l\u00e2mpadas de LED\" srcset=\"https:\/\/perlucce.com.br\/site\/wp-content\/uploads\/2024\/11\/Sustentabilidade-e-eficiencia-energetica-o-papel-das-lampadas-de-LED.png 800w, https:\/\/perlucce.com.br\/site\/wp-content\/uploads\/2024\/11\/Sustentabilidade-e-eficiencia-energetica-o-papel-das-lampadas-de-LED-300x169.png 300w, https:\/\/perlucce.com.br\/site\/wp-content\/uploads\/2024\/11\/Sustentabilidade-e-eficiencia-energetica-o-papel-das-lampadas-de-LED-768x432.png 768w, https:\/\/perlucce.com.br\/site\/wp-content\/uploads\/2024\/11\/Sustentabilidade-e-eficiencia-energetica-o-papel-das-lampadas-de-LED-720x405.png 720w\" sizes=\"(max-width: 800px) 100vw, 800px\" \/>\t\t\t\t\t<\/article>\n\n\t\t\t\t\n\t\t\t<\/div>\n\n\t\t\t\t\t<\/div>\n\t\t\t\t<\/div>\n\t\t\t\t\t<\/div>\n\t\t<\/div>\n\t\t\t\t\t<\/div>\n\t\t<\/section>\n\t\t\t\t<section class=\"has_ma_el_bg_slider elementor-section elementor-top-section elementor-element elementor-element-37e01051 elementor-section-full_width elementor-hidden-mobile ot-traditional elementor-section-height-default elementor-section-height-default jltma-glass-effect-no\" data-id=\"37e01051\" data-element_type=\"section\" data-settings=\"{&quot;_ha_eqh_enable&quot;:false}\">\n\t\t\t\t\t\t<div class=\"elementor-container elementor-column-gap-default\">\n\t\t\t\t\t<div class=\"has_ma_el_bg_slider elementor-column elementor-col-100 elementor-top-column elementor-element elementor-element-42010caf ot-flex-column-vertical jltma-glass-effect-no\" data-id=\"42010caf\" data-element_type=\"column\">\n\t\t\t<div class=\"elementor-widget-wrap\">\n\t\t\t\t\t\t\t<\/div>\n\t\t<\/div>\n\t\t\t\t\t<\/div>\n\t\t<\/section>\n\t\t\t\t<section class=\"has_ma_el_bg_slider elementor-section elementor-top-section elementor-element elementor-element-103f9cec ot-traditional elementor-section-boxed elementor-section-height-default elementor-section-height-default jltma-glass-effect-no\" data-id=\"103f9cec\" data-element_type=\"section\" data-settings=\"{&quot;_ha_eqh_enable&quot;:false}\">\n\t\t\t\t\t\t<div class=\"elementor-container elementor-column-gap-default\">\n\t\t\t\t\t<div class=\"has_ma_el_bg_slider elementor-column elementor-col-100 elementor-top-column elementor-element elementor-element-6d8923e1 ot-flex-column-vertical jltma-glass-effect-no\" data-id=\"6d8923e1\" data-element_type=\"column\">\n\t\t\t<div class=\"elementor-widget-wrap elementor-element-populated\">\n\t\t\t\t\t\t<div class=\"elementor-element elementor-element-1cbe3ee4 jltma-glass-effect-no elementor-widget elementor-widget-spacer\" data-id=\"1cbe3ee4\" data-element_type=\"widget\" data-widget_type=\"spacer.default\">\n\t\t\t\t<div class=\"elementor-widget-container\">\n\t\t\t\t\t<div class=\"elementor-spacer\">\n\t\t\t<div class=\"elementor-spacer-inner\"><\/div>\n\t\t<\/div>\n\t\t\t\t<\/div>\n\t\t\t\t<\/div>\n\t\t\t\t\t<\/div>\n\t\t<\/div>\n\t\t\t\t\t<\/div>\n\t\t<\/section>\n\t\t\t\t<section class=\"has_ma_el_bg_slider elementor-section elementor-top-section elementor-element elementor-element-49e7f38a elementor-hidden-mobile ot-traditional elementor-section-boxed elementor-section-height-default elementor-section-height-default jltma-glass-effect-no\" data-id=\"49e7f38a\" data-element_type=\"section\" data-settings=\"{&quot;_ha_eqh_enable&quot;:false}\">\n\t\t\t\t\t\t<div class=\"elementor-container elementor-column-gap-default\">\n\t\t\t\t\t<div class=\"has_ma_el_bg_slider elementor-column elementor-col-100 elementor-top-column elementor-element elementor-element-751523ac ot-flex-column-vertical jltma-glass-effect-no\" data-id=\"751523ac\" data-element_type=\"column\">\n\t\t\t<div class=\"elementor-widget-wrap\">\n\t\t\t\t\t\t\t<\/div>\n\t\t<\/div>\n\t\t\t\t\t<\/div>\n\t\t<\/section>\n\t\t\t\t<\/div>\n\t\t","protected":false},"excerpt":{"rendered":"<p>bLOG Perlucce Agosto 28, 2024 Lumin\u00e1rias de LED: 7 vantagens da sua utiliza\u00e7\u00e3o A escolha da ilumina\u00e7\u00e3o adequada para a sua casa ou escrit\u00f3rio \u00e9 uma das decis\u00f5es&hellip; Blog Perlucce Agosto 2, 2024 A influ\u00eancia da ilumina\u00e7\u00e3o na decora\u00e7\u00e3o de ambientes Iluminar corretamente um ambiente vai al\u00e9m de garantir visibilidade. A luz afeta diretamente o [&hellip;]<\/p>\n","protected":false},"author":1,"featured_media":0,"parent":0,"menu_order":0,"comment_status":"closed","ping_status":"closed","template":"elementor_header_footer","meta":{"_joinchat":[],"footnotes":""},"class_list":["post-7715","page","type-page","status-publish","hentry"],"yoast_head":"<!-- This site is optimized with the Yoast SEO plugin v23.3 - https:\/\/yoast.com\/wordpress\/plugins\/seo\/ -->\n<title>Blog - Perlucce<\/title>\n<meta name=\"robots\" content=\"index, follow, max-snippet:-1, max-image-preview:large, max-video-preview:-1\" \/>\n<link rel=\"canonical\" href=\"https:\/\/perlucce.com.br\/site\/blog\/\" \/>\n<meta property=\"og:locale\" content=\"pt_PT\" \/>\n<meta property=\"og:type\" content=\"article\" \/>\n<meta property=\"og:title\" content=\"Blog - Perlucce\" \/>\n<meta property=\"og:description\" content=\"bLOG Perlucce Agosto 28, 2024 Lumin\u00e1rias de LED: 7 vantagens da sua utiliza\u00e7\u00e3o A escolha da ilumina\u00e7\u00e3o adequada para a sua casa ou escrit\u00f3rio \u00e9 uma das decis\u00f5es&hellip; Blog Perlucce Agosto 2, 2024 A influ\u00eancia da ilumina\u00e7\u00e3o na decora\u00e7\u00e3o de ambientes Iluminar corretamente um ambiente vai al\u00e9m de garantir visibilidade. A luz afeta diretamente o [&hellip;]\" \/>\n<meta property=\"og:url\" content=\"https:\/\/perlucce.com.br\/site\/blog\/\" \/>\n<meta property=\"og:site_name\" content=\"Perlucce\" \/>\n<meta property=\"article:modified_time\" content=\"2024-09-17T12:52:33+00:00\" \/>\n<meta property=\"og:image\" content=\"https:\/\/perlucce.com.br\/site\/wp-content\/uploads\/2024\/08\/Luminarias-de-LED-7-vantagens-da-sua-utilizacao.png\" \/>\n<meta name=\"twitter:card\" content=\"summary_large_image\" \/>\n<meta name=\"twitter:label1\" content=\"Tempo estimado de leitura\" \/>\n\t<meta name=\"twitter:data1\" content=\"2 minutos\" \/>\n<script type=\"application\/ld+json\" class=\"yoast-schema-graph\">{\"@context\":\"https:\/\/schema.org\",\"@graph\":[{\"@type\":\"WebPage\",\"@id\":\"https:\/\/perlucce.com.br\/site\/blog\/\",\"url\":\"https:\/\/perlucce.com.br\/site\/blog\/\",\"name\":\"Blog - Perlucce\",\"isPartOf\":{\"@id\":\"https:\/\/perlucce.com.br\/site\/#website\"},\"primaryImageOfPage\":{\"@id\":\"https:\/\/perlucce.com.br\/site\/blog\/#primaryimage\"},\"image\":{\"@id\":\"https:\/\/perlucce.com.br\/site\/blog\/#primaryimage\"},\"thumbnailUrl\":\"https:\/\/perlucce.com.br\/site\/wp-content\/uploads\/2024\/08\/Luminarias-de-LED-7-vantagens-da-sua-utilizacao.png\",\"datePublished\":\"2023-11-16T15:01:57+00:00\",\"dateModified\":\"2024-09-17T12:52:33+00:00\",\"breadcrumb\":{\"@id\":\"https:\/\/perlucce.com.br\/site\/blog\/#breadcrumb\"},\"inLanguage\":\"pt-PT\",\"potentialAction\":[{\"@type\":\"ReadAction\",\"target\":[\"https:\/\/perlucce.com.br\/site\/blog\/\"]}]},{\"@type\":\"ImageObject\",\"inLanguage\":\"pt-PT\",\"@id\":\"https:\/\/perlucce.com.br\/site\/blog\/#primaryimage\",\"url\":\"https:\/\/perlucce.com.br\/site\/wp-content\/uploads\/2024\/08\/Luminarias-de-LED-7-vantagens-da-sua-utilizacao.png\",\"contentUrl\":\"https:\/\/perlucce.com.br\/site\/wp-content\/uploads\/2024\/08\/Luminarias-de-LED-7-vantagens-da-sua-utilizacao.png\",\"width\":800,\"height\":450,\"caption\":\"Lumin\u00e1rias de LED 7 vantagens da sua utiliza\u00e7\u00e3o\"},{\"@type\":\"BreadcrumbList\",\"@id\":\"https:\/\/perlucce.com.br\/site\/blog\/#breadcrumb\",\"itemListElement\":[{\"@type\":\"ListItem\",\"position\":1,\"name\":\"In\u00edcio\",\"item\":\"https:\/\/perlucce.com.br\/site\/\"},{\"@type\":\"ListItem\",\"position\":2,\"name\":\"Blog\"}]},{\"@type\":\"WebSite\",\"@id\":\"https:\/\/perlucce.com.br\/site\/#website\",\"url\":\"https:\/\/perlucce.com.br\/site\/\",\"name\":\"Perlucce\",\"description\":\"Sistemas de Ilumina\u00e7\u00e3o\",\"publisher\":{\"@id\":\"https:\/\/perlucce.com.br\/site\/#organization\"},\"potentialAction\":[{\"@type\":\"SearchAction\",\"target\":{\"@type\":\"EntryPoint\",\"urlTemplate\":\"https:\/\/perlucce.com.br\/site\/?s={search_term_string}\"},\"query-input\":\"required name=search_term_string\"}],\"inLanguage\":\"pt-PT\"},{\"@type\":\"Organization\",\"@id\":\"https:\/\/perlucce.com.br\/site\/#organization\",\"name\":\"Perlucce\",\"url\":\"https:\/\/perlucce.com.br\/site\/\",\"logo\":{\"@type\":\"ImageObject\",\"inLanguage\":\"pt-PT\",\"@id\":\"https:\/\/perlucce.com.br\/site\/#\/schema\/logo\/image\/\",\"url\":\"https:\/\/perlucce.com.br\/site\/wp-content\/uploads\/2024\/09\/cima-2-1.gif\",\"contentUrl\":\"https:\/\/perlucce.com.br\/site\/wp-content\/uploads\/2024\/09\/cima-2-1.gif\",\"width\":426,\"height\":170,\"caption\":\"Perlucce\"},\"image\":{\"@id\":\"https:\/\/perlucce.com.br\/site\/#\/schema\/logo\/image\/\"}}]}<\/script>\n<!-- \/ Yoast SEO plugin. -->","yoast_head_json":{"title":"Blog - Perlucce","robots":{"index":"index","follow":"follow","max-snippet":"max-snippet:-1","max-image-preview":"max-image-preview:large","max-video-preview":"max-video-preview:-1"},"canonical":"https:\/\/perlucce.com.br\/site\/blog\/","og_locale":"pt_PT","og_type":"article","og_title":"Blog - Perlucce","og_description":"bLOG Perlucce Agosto 28, 2024 Lumin\u00e1rias de LED: 7 vantagens da sua utiliza\u00e7\u00e3o A escolha da ilumina\u00e7\u00e3o adequada para a sua casa ou escrit\u00f3rio \u00e9 uma das decis\u00f5es&hellip; Blog Perlucce Agosto 2, 2024 A influ\u00eancia da ilumina\u00e7\u00e3o na decora\u00e7\u00e3o de ambientes Iluminar corretamente um ambiente vai al\u00e9m de garantir visibilidade. A luz afeta diretamente o [&hellip;]","og_url":"https:\/\/perlucce.com.br\/site\/blog\/","og_site_name":"Perlucce","article_modified_time":"2024-09-17T12:52:33+00:00","og_image":[{"url":"https:\/\/perlucce.com.br\/site\/wp-content\/uploads\/2024\/08\/Luminarias-de-LED-7-vantagens-da-sua-utilizacao.png"}],"twitter_card":"summary_large_image","twitter_misc":{"Tempo estimado de leitura":"2 minutos"},"schema":{"@context":"https:\/\/schema.org","@graph":[{"@type":"WebPage","@id":"https:\/\/perlucce.com.br\/site\/blog\/","url":"https:\/\/perlucce.com.br\/site\/blog\/","name":"Blog - Perlucce","isPartOf":{"@id":"https:\/\/perlucce.com.br\/site\/#website"},"primaryImageOfPage":{"@id":"https:\/\/perlucce.com.br\/site\/blog\/#primaryimage"},"image":{"@id":"https:\/\/perlucce.com.br\/site\/blog\/#primaryimage"},"thumbnailUrl":"https:\/\/perlucce.com.br\/site\/wp-content\/uploads\/2024\/08\/Luminarias-de-LED-7-vantagens-da-sua-utilizacao.png","datePublished":"2023-11-16T15:01:57+00:00","dateModified":"2024-09-17T12:52:33+00:00","breadcrumb":{"@id":"https:\/\/perlucce.com.br\/site\/blog\/#breadcrumb"},"inLanguage":"pt-PT","potentialAction":[{"@type":"ReadAction","target":["https:\/\/perlucce.com.br\/site\/blog\/"]}]},{"@type":"ImageObject","inLanguage":"pt-PT","@id":"https:\/\/perlucce.com.br\/site\/blog\/#primaryimage","url":"https:\/\/perlucce.com.br\/site\/wp-content\/uploads\/2024\/08\/Luminarias-de-LED-7-vantagens-da-sua-utilizacao.png","contentUrl":"https:\/\/perlucce.com.br\/site\/wp-content\/uploads\/2024\/08\/Luminarias-de-LED-7-vantagens-da-sua-utilizacao.png","width":800,"height":450,"caption":"Lumin\u00e1rias de LED 7 vantagens da sua utiliza\u00e7\u00e3o"},{"@type":"BreadcrumbList","@id":"https:\/\/perlucce.com.br\/site\/blog\/#breadcrumb","itemListElement":[{"@type":"ListItem","position":1,"name":"In\u00edcio","item":"https:\/\/perlucce.com.br\/site\/"},{"@type":"ListItem","position":2,"name":"Blog"}]},{"@type":"WebSite","@id":"https:\/\/perlucce.com.br\/site\/#website","url":"https:\/\/perlucce.com.br\/site\/","name":"Perlucce","description":"Sistemas de Ilumina\u00e7\u00e3o","publisher":{"@id":"https:\/\/perlucce.com.br\/site\/#organization"},"potentialAction":[{"@type":"SearchAction","target":{"@type":"EntryPoint","urlTemplate":"https:\/\/perlucce.com.br\/site\/?s={search_term_string}"},"query-input":"required name=search_term_string"}],"inLanguage":"pt-PT"},{"@type":"Organization","@id":"https:\/\/perlucce.com.br\/site\/#organization","name":"Perlucce","url":"https:\/\/perlucce.com.br\/site\/","logo":{"@type":"ImageObject","inLanguage":"pt-PT","@id":"https:\/\/perlucce.com.br\/site\/#\/schema\/logo\/image\/","url":"https:\/\/perlucce.com.br\/site\/wp-content\/uploads\/2024\/09\/cima-2-1.gif","contentUrl":"https:\/\/perlucce.com.br\/site\/wp-content\/uploads\/2024\/09\/cima-2-1.gif","width":426,"height":170,"caption":"Perlucce"},"image":{"@id":"https:\/\/perlucce.com.br\/site\/#\/schema\/logo\/image\/"}}]}},"_links":{"self":[{"href":"https:\/\/perlucce.com.br\/site\/wp-json\/wp\/v2\/pages\/7715","targetHints":{"allow":["GET"]}}],"collection":[{"href":"https:\/\/perlucce.com.br\/site\/wp-json\/wp\/v2\/pages"}],"about":[{"href":"https:\/\/perlucce.com.br\/site\/wp-json\/wp\/v2\/types\/page"}],"author":[{"embeddable":true,"href":"https:\/\/perlucce.com.br\/site\/wp-json\/wp\/v2\/users\/1"}],"replies":[{"embeddable":true,"href":"https:\/\/perlucce.com.br\/site\/wp-json\/wp\/v2\/comments?post=7715"}],"version-history":[{"count":9,"href":"https:\/\/perlucce.com.br\/site\/wp-json\/wp\/v2\/pages\/7715\/revisions"}],"predecessor-version":[{"id":13063,"href":"https:\/\/perlucce.com.br\/site\/wp-json\/wp\/v2\/pages\/7715\/revisions\/13063"}],"wp:attachment":[{"href":"https:\/\/perlucce.com.br\/site\/wp-json\/wp\/v2\/media?parent=7715"}],"curies":[{"name":"wp","href":"https:\/\/api.w.org\/{rel}","templated":true}]}}