{"id":2407,"date":"2020-03-06T07:58:00","date_gmt":"2020-03-06T07:58:00","guid":{"rendered":"http:\/\/wpdemo.archiwp.com\/engitech\/?page_id=2407"},"modified":"2024-09-12T15:51:43","modified_gmt":"2024-09-12T15:51:43","slug":"empresa","status":"publish","type":"page","link":"https:\/\/perlucce.com.br\/site\/empresa\/","title":{"rendered":"Empresa"},"content":{"rendered":"\t\t<div data-elementor-type=\"wp-page\" data-elementor-id=\"2407\" class=\"elementor elementor-2407\" data-elementor-settings=\"{&quot;ha_cmc_init_switcher&quot;:&quot;no&quot;}\" data-elementor-post-type=\"page\">\n\t\t\t\t\t\t<section class=\"has_ma_el_bg_slider elementor-section elementor-top-section elementor-element elementor-element-14e3ae2 elementor-section-full_width ot-traditional elementor-section-height-default elementor-section-height-default jltma-glass-effect-no\" data-id=\"14e3ae2\" data-element_type=\"section\" data-settings=\"{&quot;_ha_eqh_enable&quot;:false}\">\n\t\t\t\t\t\t<div class=\"elementor-container elementor-column-gap-default\">\n\t\t\t\t\t<div class=\"has_ma_el_bg_slider elementor-column elementor-col-100 elementor-top-column elementor-element elementor-element-34eb40b ot-flex-column-vertical jltma-glass-effect-no\" data-id=\"34eb40b\" data-element_type=\"column\">\n\t\t\t<div class=\"elementor-widget-wrap elementor-element-populated\">\n\t\t\t\t\t\t<div class=\"elementor-element elementor-element-2b331ba jltma-glass-effect-no elementor-widget elementor-widget-spacer\" data-id=\"2b331ba\" data-element_type=\"widget\" data-widget_type=\"spacer.default\">\n\t\t\t\t<div class=\"elementor-widget-container\">\n\t\t\t\t\t<div class=\"elementor-spacer\">\n\t\t\t<div class=\"elementor-spacer-inner\"><\/div>\n\t\t<\/div>\n\t\t\t\t<\/div>\n\t\t\t\t<\/div>\n\t\t\t\t\t<\/div>\n\t\t<\/div>\n\t\t\t\t\t<\/div>\n\t\t<\/section>\n\t\t\t\t<section class=\"has_ma_el_bg_slider elementor-section elementor-top-section elementor-element elementor-element-68e2994 ot-traditional elementor-section-boxed elementor-section-height-default elementor-section-height-default jltma-glass-effect-no\" data-id=\"68e2994\" data-element_type=\"section\" data-settings=\"{&quot;_ha_eqh_enable&quot;:false}\">\n\t\t\t\t\t\t<div class=\"elementor-container elementor-column-gap-default\">\n\t\t\t\t\t<div class=\"has_ma_el_bg_slider elementor-column elementor-col-100 elementor-top-column elementor-element elementor-element-1bd2ece ot-flex-column-vertical jltma-glass-effect-no\" data-id=\"1bd2ece\" data-element_type=\"column\">\n\t\t\t<div class=\"elementor-widget-wrap elementor-element-populated\">\n\t\t\t\t\t\t<div class=\"elementor-element elementor-element-98eace2 jltma-glass-effect-no elementor-widget elementor-widget-heading\" data-id=\"98eace2\" data-element_type=\"widget\" data-widget_type=\"heading.default\">\n\t\t\t\t<div class=\"elementor-widget-container\">\n\t\t\t<h1 class=\"elementor-heading-title elementor-size-default\">Sobre a empresa Perlucce\n<\/h1>\t\t<\/div>\n\t\t\t\t<\/div>\n\t\t\t\t\t<\/div>\n\t\t<\/div>\n\t\t\t\t\t<\/div>\n\t\t<\/section>\n\t\t\t\t<section class=\"has_ma_el_bg_slider elementor-section elementor-top-section elementor-element elementor-element-e6b62e8 elementor-section-full_width elementor-hidden-mobile ot-traditional elementor-section-height-default elementor-section-height-default jltma-glass-effect-no\" data-id=\"e6b62e8\" data-element_type=\"section\" data-settings=\"{&quot;_ha_eqh_enable&quot;:false}\">\n\t\t\t\t\t\t<div class=\"elementor-container elementor-column-gap-default\">\n\t\t\t\t\t<div class=\"has_ma_el_bg_slider elementor-column elementor-col-100 elementor-top-column elementor-element elementor-element-2a0f2f5 ot-flex-column-vertical jltma-glass-effect-no\" data-id=\"2a0f2f5\" data-element_type=\"column\">\n\t\t\t<div class=\"elementor-widget-wrap elementor-element-populated\">\n\t\t\t\t\t\t<div class=\"elementor-element elementor-element-89bf39b jltma-glass-effect-no elementor-widget elementor-widget-spacer\" data-id=\"89bf39b\" data-element_type=\"widget\" data-widget_type=\"spacer.default\">\n\t\t\t\t<div class=\"elementor-widget-container\">\n\t\t\t\t\t<div class=\"elementor-spacer\">\n\t\t\t<div class=\"elementor-spacer-inner\"><\/div>\n\t\t<\/div>\n\t\t\t\t<\/div>\n\t\t\t\t<\/div>\n\t\t\t\t\t<\/div>\n\t\t<\/div>\n\t\t\t\t\t<\/div>\n\t\t<\/section>\n\t\t<div class=\"elementor-element elementor-element-7a8851e elementor-hidden-tablet elementor-hidden-mobile e-flex e-con-boxed e-con e-parent\" data-id=\"7a8851e\" data-element_type=\"container\" data-settings=\"{&quot;_ha_eqh_enable&quot;:false}\">\n\t\t\t\t\t<div class=\"e-con-inner\">\n\t\t\t\t<div class=\"elementor-element elementor-element-72ac702 jltma-glass-effect-no elementor-widget elementor-widget-text-editor\" data-id=\"72ac702\" data-element_type=\"widget\" data-widget_type=\"text-editor.default\">\n\t\t\t\t<div class=\"elementor-widget-container\">\n\t\t\t\t\t\t\t<p>Com mais de 20 anos de experi\u00eancia em tecnologia e fabrica\u00e7\u00e3o de produtos de ilumina\u00e7\u00e3o com LEDs,<img fetchpriority=\"high\" decoding=\"async\" class=\"alignright\" src=\"https:\/\/images.tcdn.com.br\/img\/editor\/up\/1331768\/imagemempresa.jpg\" alt=\"\" width=\"300\" height=\"200\" \/>\u00a0a Perlucce se destaca com o uma ind\u00fastria nacional comprometida com a excel\u00eancia.<\/p><p>Nosso objetivo \u00e9 oferecer ao mercado lumin\u00e1rias de alta qualidade e design elegante, combinando processos industriais com t\u00e9cnicas artesanais individualizadas que conferem um toque \u00fanico a cada pe\u00e7a.<\/p><p>Dedicamo-nos ao processo de melhoria cont\u00ednua e ao cuidado meticuloso, \u00e0 sofistica\u00e7\u00e3o e ao requinte, mesmo nas pe\u00e7as mais simples, sempre visando proporcionar uma experi\u00eancia excepcional ao cliente.<\/p>\t\t\t\t\t\t<\/div>\n\t\t\t\t<\/div>\n\t\t\t\t\t<\/div>\n\t\t\t\t<\/div>\n\t\t<div class=\"elementor-element elementor-element-5180c31 elementor-hidden-desktop e-flex e-con-boxed e-con e-parent\" data-id=\"5180c31\" data-element_type=\"container\" data-settings=\"{&quot;_ha_eqh_enable&quot;:false}\">\n\t\t\t\t\t<div class=\"e-con-inner\">\n\t\t\t\t<div class=\"elementor-element elementor-element-051e924 jltma-glass-effect-no elementor-widget elementor-widget-text-editor\" data-id=\"051e924\" data-element_type=\"widget\" data-widget_type=\"text-editor.default\">\n\t\t\t\t<div class=\"elementor-widget-container\">\n\t\t\t\t\t\t\t<p>Com mais de 20 anos de experi\u00eancia em tecnologia e fabrica\u00e7\u00e3o de produtos de ilumina\u00e7\u00e3o com LEDs, a Perlucce se destaca com o uma ind\u00fastria nacional comprometida com a excel\u00eancia.<\/p><p><img decoding=\"async\" class=\"aligncenter\" src=\"https:\/\/images.tcdn.com.br\/img\/editor\/up\/1331768\/imagemempresa.jpg\" alt=\"\" width=\"300\" height=\"200\" \/>\u00a0<br \/>Nosso objetivo \u00e9 oferecer ao mercado lumin\u00e1rias de alta qualidade e design elegante, combinando processos industriais com t\u00e9cnicas artesanais individualizadas que conferem um toque \u00fanico a cada pe\u00e7a.<\/p><p>Dedicamo-nos ao processo de melhoria cont\u00ednua e ao cuidado meticuloso, \u00e0 sofistica\u00e7\u00e3o e ao requinte, mesmo nas pe\u00e7as mais simples, sempre visando proporcionar uma experi\u00eancia excepcional ao cliente.<\/p>\t\t\t\t\t\t<\/div>\n\t\t\t\t<\/div>\n\t\t\t\t\t<\/div>\n\t\t\t\t<\/div>\n\t\t<div class=\"elementor-element elementor-element-a3215d2 e-flex e-con-boxed e-con e-parent\" data-id=\"a3215d2\" data-element_type=\"container\" data-settings=\"{&quot;_ha_eqh_enable&quot;:false}\">\n\t\t\t\t\t<div class=\"e-con-inner\">\n\t\t\t\t<div class=\"elementor-element elementor-element-3b7cce6 jltma-glass-effect-no elementor-widget elementor-widget-spacer\" data-id=\"3b7cce6\" data-element_type=\"widget\" data-widget_type=\"spacer.default\">\n\t\t\t\t<div class=\"elementor-widget-container\">\n\t\t\t\t\t<div class=\"elementor-spacer\">\n\t\t\t<div class=\"elementor-spacer-inner\"><\/div>\n\t\t<\/div>\n\t\t\t\t<\/div>\n\t\t\t\t<\/div>\n\t\t\t\t\t<\/div>\n\t\t\t\t<\/div>\n\t\t\t\t<\/div>\n\t\t","protected":false},"excerpt":{"rendered":"<p>Sobre a empresa Perlucce Com mais de 20 anos de experi\u00eancia em tecnologia e fabrica\u00e7\u00e3o de produtos de ilumina\u00e7\u00e3o com LEDs,\u00a0a Perlucce se destaca com o uma ind\u00fastria nacional comprometida com a excel\u00eancia. Nosso objetivo \u00e9 oferecer ao mercado lumin\u00e1rias de alta qualidade e design elegante, combinando processos industriais com t\u00e9cnicas artesanais individualizadas que conferem [&hellip;]<\/p>\n","protected":false},"author":1,"featured_media":0,"parent":0,"menu_order":0,"comment_status":"closed","ping_status":"closed","template":"elementor_header_footer","meta":{"_joinchat":[],"footnotes":""},"class_list":["post-2407","page","type-page","status-publish","hentry"],"yoast_head":"<!-- This site is optimized with the Yoast SEO plugin v23.3 - https:\/\/yoast.com\/wordpress\/plugins\/seo\/ -->\n<title>Empresa - Perlucce<\/title>\n<meta name=\"robots\" content=\"index, follow, max-snippet:-1, max-image-preview:large, max-video-preview:-1\" \/>\n<link rel=\"canonical\" href=\"https:\/\/perlucce.com.br\/site\/empresa\/\" \/>\n<meta property=\"og:locale\" content=\"pt_PT\" \/>\n<meta property=\"og:type\" content=\"article\" \/>\n<meta property=\"og:title\" content=\"Empresa - Perlucce\" \/>\n<meta property=\"og:description\" content=\"Sobre a empresa Perlucce Com mais de 20 anos de experi\u00eancia em tecnologia e fabrica\u00e7\u00e3o de produtos de ilumina\u00e7\u00e3o com LEDs,\u00a0a Perlucce se destaca com o uma ind\u00fastria nacional comprometida com a excel\u00eancia. Nosso objetivo \u00e9 oferecer ao mercado lumin\u00e1rias de alta qualidade e design elegante, combinando processos industriais com t\u00e9cnicas artesanais individualizadas que conferem [&hellip;]\" \/>\n<meta property=\"og:url\" content=\"https:\/\/perlucce.com.br\/site\/empresa\/\" \/>\n<meta property=\"og:site_name\" content=\"Perlucce\" \/>\n<meta property=\"article:modified_time\" content=\"2024-09-12T15:51:43+00:00\" \/>\n<meta property=\"og:image\" content=\"https:\/\/images.tcdn.com.br\/img\/editor\/up\/1331768\/imagemempresa.jpg\" \/>\n<meta name=\"twitter:card\" content=\"summary_large_image\" \/>\n<meta name=\"twitter:label1\" content=\"Tempo estimado de leitura\" \/>\n\t<meta name=\"twitter:data1\" content=\"1 minuto\" \/>\n<script type=\"application\/ld+json\" class=\"yoast-schema-graph\">{\"@context\":\"https:\/\/schema.org\",\"@graph\":[{\"@type\":\"WebPage\",\"@id\":\"https:\/\/perlucce.com.br\/site\/empresa\/\",\"url\":\"https:\/\/perlucce.com.br\/site\/empresa\/\",\"name\":\"Empresa - Perlucce\",\"isPartOf\":{\"@id\":\"https:\/\/perlucce.com.br\/site\/#website\"},\"primaryImageOfPage\":{\"@id\":\"https:\/\/perlucce.com.br\/site\/empresa\/#primaryimage\"},\"image\":{\"@id\":\"https:\/\/perlucce.com.br\/site\/empresa\/#primaryimage\"},\"thumbnailUrl\":\"https:\/\/images.tcdn.com.br\/img\/editor\/up\/1331768\/imagemempresa.jpg\",\"datePublished\":\"2020-03-06T07:58:00+00:00\",\"dateModified\":\"2024-09-12T15:51:43+00:00\",\"breadcrumb\":{\"@id\":\"https:\/\/perlucce.com.br\/site\/empresa\/#breadcrumb\"},\"inLanguage\":\"pt-PT\",\"potentialAction\":[{\"@type\":\"ReadAction\",\"target\":[\"https:\/\/perlucce.com.br\/site\/empresa\/\"]}]},{\"@type\":\"ImageObject\",\"inLanguage\":\"pt-PT\",\"@id\":\"https:\/\/perlucce.com.br\/site\/empresa\/#primaryimage\",\"url\":\"https:\/\/images.tcdn.com.br\/img\/editor\/up\/1331768\/imagemempresa.jpg\",\"contentUrl\":\"https:\/\/images.tcdn.com.br\/img\/editor\/up\/1331768\/imagemempresa.jpg\"},{\"@type\":\"BreadcrumbList\",\"@id\":\"https:\/\/perlucce.com.br\/site\/empresa\/#breadcrumb\",\"itemListElement\":[{\"@type\":\"ListItem\",\"position\":1,\"name\":\"In\u00edcio\",\"item\":\"https:\/\/perlucce.com.br\/site\/\"},{\"@type\":\"ListItem\",\"position\":2,\"name\":\"Empresa\"}]},{\"@type\":\"WebSite\",\"@id\":\"https:\/\/perlucce.com.br\/site\/#website\",\"url\":\"https:\/\/perlucce.com.br\/site\/\",\"name\":\"Perlucce\",\"description\":\"Sistemas de Ilumina\u00e7\u00e3o\",\"publisher\":{\"@id\":\"https:\/\/perlucce.com.br\/site\/#organization\"},\"potentialAction\":[{\"@type\":\"SearchAction\",\"target\":{\"@type\":\"EntryPoint\",\"urlTemplate\":\"https:\/\/perlucce.com.br\/site\/?s={search_term_string}\"},\"query-input\":\"required name=search_term_string\"}],\"inLanguage\":\"pt-PT\"},{\"@type\":\"Organization\",\"@id\":\"https:\/\/perlucce.com.br\/site\/#organization\",\"name\":\"Perlucce\",\"url\":\"https:\/\/perlucce.com.br\/site\/\",\"logo\":{\"@type\":\"ImageObject\",\"inLanguage\":\"pt-PT\",\"@id\":\"https:\/\/perlucce.com.br\/site\/#\/schema\/logo\/image\/\",\"url\":\"https:\/\/perlucce.com.br\/site\/wp-content\/uploads\/2024\/09\/cima-2-1.gif\",\"contentUrl\":\"https:\/\/perlucce.com.br\/site\/wp-content\/uploads\/2024\/09\/cima-2-1.gif\",\"width\":426,\"height\":170,\"caption\":\"Perlucce\"},\"image\":{\"@id\":\"https:\/\/perlucce.com.br\/site\/#\/schema\/logo\/image\/\"}}]}<\/script>\n<!-- \/ Yoast SEO plugin. -->","yoast_head_json":{"title":"Empresa - Perlucce","robots":{"index":"index","follow":"follow","max-snippet":"max-snippet:-1","max-image-preview":"max-image-preview:large","max-video-preview":"max-video-preview:-1"},"canonical":"https:\/\/perlucce.com.br\/site\/empresa\/","og_locale":"pt_PT","og_type":"article","og_title":"Empresa - Perlucce","og_description":"Sobre a empresa Perlucce Com mais de 20 anos de experi\u00eancia em tecnologia e fabrica\u00e7\u00e3o de produtos de ilumina\u00e7\u00e3o com LEDs,\u00a0a Perlucce se destaca com o uma ind\u00fastria nacional comprometida com a excel\u00eancia. Nosso objetivo \u00e9 oferecer ao mercado lumin\u00e1rias de alta qualidade e design elegante, combinando processos industriais com t\u00e9cnicas artesanais individualizadas que conferem [&hellip;]","og_url":"https:\/\/perlucce.com.br\/site\/empresa\/","og_site_name":"Perlucce","article_modified_time":"2024-09-12T15:51:43+00:00","og_image":[{"url":"https:\/\/images.tcdn.com.br\/img\/editor\/up\/1331768\/imagemempresa.jpg"}],"twitter_card":"summary_large_image","twitter_misc":{"Tempo estimado de leitura":"1 minuto"},"schema":{"@context":"https:\/\/schema.org","@graph":[{"@type":"WebPage","@id":"https:\/\/perlucce.com.br\/site\/empresa\/","url":"https:\/\/perlucce.com.br\/site\/empresa\/","name":"Empresa - Perlucce","isPartOf":{"@id":"https:\/\/perlucce.com.br\/site\/#website"},"primaryImageOfPage":{"@id":"https:\/\/perlucce.com.br\/site\/empresa\/#primaryimage"},"image":{"@id":"https:\/\/perlucce.com.br\/site\/empresa\/#primaryimage"},"thumbnailUrl":"https:\/\/images.tcdn.com.br\/img\/editor\/up\/1331768\/imagemempresa.jpg","datePublished":"2020-03-06T07:58:00+00:00","dateModified":"2024-09-12T15:51:43+00:00","breadcrumb":{"@id":"https:\/\/perlucce.com.br\/site\/empresa\/#breadcrumb"},"inLanguage":"pt-PT","potentialAction":[{"@type":"ReadAction","target":["https:\/\/perlucce.com.br\/site\/empresa\/"]}]},{"@type":"ImageObject","inLanguage":"pt-PT","@id":"https:\/\/perlucce.com.br\/site\/empresa\/#primaryimage","url":"https:\/\/images.tcdn.com.br\/img\/editor\/up\/1331768\/imagemempresa.jpg","contentUrl":"https:\/\/images.tcdn.com.br\/img\/editor\/up\/1331768\/imagemempresa.jpg"},{"@type":"BreadcrumbList","@id":"https:\/\/perlucce.com.br\/site\/empresa\/#breadcrumb","itemListElement":[{"@type":"ListItem","position":1,"name":"In\u00edcio","item":"https:\/\/perlucce.com.br\/site\/"},{"@type":"ListItem","position":2,"name":"Empresa"}]},{"@type":"WebSite","@id":"https:\/\/perlucce.com.br\/site\/#website","url":"https:\/\/perlucce.com.br\/site\/","name":"Perlucce","description":"Sistemas de Ilumina\u00e7\u00e3o","publisher":{"@id":"https:\/\/perlucce.com.br\/site\/#organization"},"potentialAction":[{"@type":"SearchAction","target":{"@type":"EntryPoint","urlTemplate":"https:\/\/perlucce.com.br\/site\/?s={search_term_string}"},"query-input":"required name=search_term_string"}],"inLanguage":"pt-PT"},{"@type":"Organization","@id":"https:\/\/perlucce.com.br\/site\/#organization","name":"Perlucce","url":"https:\/\/perlucce.com.br\/site\/","logo":{"@type":"ImageObject","inLanguage":"pt-PT","@id":"https:\/\/perlucce.com.br\/site\/#\/schema\/logo\/image\/","url":"https:\/\/perlucce.com.br\/site\/wp-content\/uploads\/2024\/09\/cima-2-1.gif","contentUrl":"https:\/\/perlucce.com.br\/site\/wp-content\/uploads\/2024\/09\/cima-2-1.gif","width":426,"height":170,"caption":"Perlucce"},"image":{"@id":"https:\/\/perlucce.com.br\/site\/#\/schema\/logo\/image\/"}}]}},"_links":{"self":[{"href":"https:\/\/perlucce.com.br\/site\/wp-json\/wp\/v2\/pages\/2407","targetHints":{"allow":["GET"]}}],"collection":[{"href":"https:\/\/perlucce.com.br\/site\/wp-json\/wp\/v2\/pages"}],"about":[{"href":"https:\/\/perlucce.com.br\/site\/wp-json\/wp\/v2\/types\/page"}],"author":[{"embeddable":true,"href":"https:\/\/perlucce.com.br\/site\/wp-json\/wp\/v2\/users\/1"}],"replies":[{"embeddable":true,"href":"https:\/\/perlucce.com.br\/site\/wp-json\/wp\/v2\/comments?post=2407"}],"version-history":[{"count":0,"href":"https:\/\/perlucce.com.br\/site\/wp-json\/wp\/v2\/pages\/2407\/revisions"}],"wp:attachment":[{"href":"https:\/\/perlucce.com.br\/site\/wp-json\/wp\/v2\/media?parent=2407"}],"curies":[{"name":"wp","href":"https:\/\/api.w.org\/{rel}","templated":true}]}}